{"id":14662,"date":"2020-01-20T00:24:40","date_gmt":"2020-01-19T23:24:40","guid":{"rendered":"https:\/\/www.lepsispanokbabatiek.sk\/?page_id=14662"},"modified":"2024-03-29T14:51:10","modified_gmt":"2024-03-29T13:51:10","slug":"about-me","status":"publish","type":"page","link":"https:\/\/www.lepsispanokbabatiek.sk\/en\/about-me\/","title":{"rendered":"About me"},"content":{"rendered":"<div class=\"wpb-content-wrapper\"><p>[vc_row][vc_column width=&#8221;2\/3&#8243;][vc_empty_space][vc_custom_heading text=&#8221;Dott.ssa Zuzana Guzmicka&#8221; font_container=&#8221;tag:h1|text_align:left&#8221; use_theme_fonts=&#8221;yes&#8221;][vc_column_text]I am Dott.ssa Zuzana Guzmicka and I am a gentle coach. My goal is to help families to improve sleep of their children. My approach is the middle ground between sleep training and wait it our strict holistic approaches. I respect every parent and family unique situation and parenting style.<\/p>\n<p>I am a pediatric professional since 2017. Since then, i have worked with thousands of families around the world.<\/p>\n<p>I am also a lactation consultant with education in parenting and potty training, finalizing my MSc title in psychology.[\/vc_column_text][vc_custom_heading text=&#8221;My professional studies and certifications&#8221; use_theme_fonts=&#8221;yes&#8221;][vc_column_text]<\/p>\n<ul>\n<li>Holistic Sleep Coaching Program Certification Babyem Level 6 (Babyem)<\/li>\n<li>Baby Sleep Consultant Certification<\/li>\n<li>Sensitive Baby Sleep Consultant Certification Level 1, Level 2<\/li>\n<li>Sleepossium 2020, 2021, 2022, 2023, 2024<\/li>\n<li>Childbirth International Lactation Consultant (CBI)<\/li>\n<li>MSc. Psychology (Arden University) &#8211; I am beginning my studies<\/li>\n<li>Baby Reflux Certification<\/li>\n<li>OCPT Certification (Toilet Training)<\/li>\n<li>I am a mom<\/li>\n<li>Reflux, allergies, colic (Babyem)<\/li>\n<li>Sensitive Baby Sleep Coaching Level 2<\/li>\n<li>Emotionally Aware Feeding Certification Level 1, Level 2 (certification for solving feeding issues)<\/li>\n<li>Making Sense Out of Children and Preschoolers Neufeld Institute (certification for supporting respectful parenting)<\/li>\n<li>Making Sense of Resilience &#8211; Neufeld Institute (certification on building resilience in children)<\/li>\n<li>Cognitive Behavioral Therapy for Insomnia Certification (Dr. J. Ellis, Sleep Science)<\/li>\n<li>Cognitive Behavioral Therapy for Insomnia CBT-I Certification (Dr. Jacobs, Harvard University)<\/li>\n<li>Cognitive Therapy for Insomnia CT-I Certification (Dr. Michael Gradisar)<\/li>\n<\/ul>\n<p>[\/vc_column_text][\/vc_column][vc_column width=&#8221;1\/3&#8243;][vc_row_inner][vc_column_inner][vc_single_image image=&#8221;14502&#8243; img_size=&#8221;full&#8221; style=&#8221;vc_box_rounded&#8221;][vc_column_text]I believe in the middle ground approach to sleep.[\/vc_column_text][\/vc_column_inner][\/vc_row_inner][vc_separator][vc_row_inner][vc_column_inner][vc_single_image image=&#8221;14440&#8243; img_size=&#8221;full&#8221; style=&#8221;vc_box_rounded&#8221;][vc_column_text]&#8221;Sleep is essential for our menthal and physical health&#8221;[\/vc_column_text][\/vc_column_inner][\/vc_row_inner][\/vc_column][vc_column][\/vc_column][vc_column][\/vc_column][\/vc_row][vc_row][vc_column][vc_column_text]<\/p>\n<h2>Conferences and Seminars<\/h2>\n<ul>\n<li>Sleepossium 2020<\/li>\n<li>Sleepossium 2021<\/li>\n<li>Sleepossium 2022<\/li>\n<li>Sleepossium 2023<\/li>\n<li>Sleepossium 2024<\/li>\n<li>Breastfeeding Conferences &#8211; Broken Sleep 2023<\/li>\n<li>Online Seminar Basics of Ergonomic Babywearing &#8211; Babywearing School<\/li>\n<li>Online Breastfeeding Seminar (Breastfeeding Support Institute)<\/li>\n<li>Member of the International Association of Child Sleep Consultants IACSC<\/li>\n<li>Member of the International Association of Professional Sleep Consultants<\/li>\n<li>Certified Sleep Consultant for Babies and Children<\/li>\n<li>Member of the British Sleep Society<\/li>\n<li>Certified Holistic Sleep Coach for Children<\/li>\n<li>Certified Toilet Training Advisor OCPT<\/li>\n<li>Lactation Consultant CBI<\/li>\n<li>CBT-I Adult Sleep Consultant<\/li>\n<li>Graduate of the online course Basics of Ergonomic Babywearing<\/li>\n<li>Graduate of the online breastfeeding seminar organized by the Breastfeeding Support Institute<\/li>\n<\/ul>\n<p>[\/vc_column_text][\/vc_column][\/vc_row]<\/p>\n<\/div>","protected":false},"excerpt":{"rendered":"<p>[vc_row][vc_column width=&#8221;2\/3&#8243;][vc_empty_space][vc_custom_heading text=&#8221;Dott.ssa Zuzana Guzmicka&#8221; font_container=&#8221;tag:h1|text_align:left&#8221; use_theme_fonts=&#8221;yes&#8221;][vc_column_text]I am Dott.ssa Zuzana Guzmicka and I am a gentle coach. My goal is<\/p>\n","protected":false},"author":2,"featured_media":14502,"parent":0,"menu_order":0,"comment_status":"closed","ping_status":"closed","template":"","meta":{"inline_featured_image":false,"_price":"","_stock":"","_tribe_ticket_header":"","_tribe_default_ticket_provider":"","_tribe_ticket_capacity":"0","_ticket_start_date":"","_ticket_end_date":"","_tribe_ticket_show_description":"","_tribe_ticket_show_not_going":false,"_tribe_ticket_use_global_stock":"","_tribe_ticket_global_stock_level":"","_global_stock_mode":"","_global_stock_cap":"","_tribe_rsvp_for_event":"","_tribe_ticket_going_count":"","_tribe_ticket_not_going_count":"","_tribe_tickets_list":"[]","_tribe_ticket_has_attendee_info_fields":false,"footnotes":"","_tec_slr_enabled":"","_tec_slr_layout":""},"class_list":["post-14662","page","type-page","status-publish","has-post-thumbnail","hentry"],"yoast_head":"<!-- This site is optimized with the Yoast SEO Premium plugin v27.4 (Yoast SEO v27.4) - https:\/\/yoast.com\/product\/yoast-seo-premium-wordpress\/ -->\n<title>About me - Lep\u0161\u00ed sp\u00e1nok b\u00e1b\u00e4tiek<\/title>\n<meta name=\"description\" content=\"Gentle sleep coach Zuzana Guzmicka will help you to improve your baby and child sleep without cry it out and sleep training approaches.\" \/>\n<meta name=\"robots\" content=\"index, follow, max-snippet:-1, max-image-preview:large, max-video-preview:-1\" \/>\n<link rel=\"canonical\" href=\"https:\/\/www.lepsispanokbabatiek.sk\/en\/about-me\/\" \/>\n<meta property=\"og:locale\" content=\"en_US\" \/>\n<meta property=\"og:type\" content=\"article\" \/>\n<meta property=\"og:title\" content=\"About me\" \/>\n<meta property=\"og:description\" content=\"Gentle sleep coach Zuzana Guzmicka will help you to improve your baby and child sleep without cry it out and sleep training approaches.\" \/>\n<meta property=\"og:url\" content=\"https:\/\/www.lepsispanokbabatiek.sk\/en\/about-me\/\" \/>\n<meta property=\"og:site_name\" content=\"Lep\u0161\u00ed sp\u00e1nok b\u00e1b\u00e4tiek\" \/>\n<meta property=\"article:publisher\" content=\"https:\/\/www.facebook.com\/lepsispanokbabatiek.sk\" \/>\n<meta property=\"article:modified_time\" content=\"2024-03-29T13:51:10+00:00\" \/>\n<meta property=\"og:image\" content=\"https:\/\/www.lepsispanokbabatiek.sk\/wp-content\/uploads\/2023\/12\/zg-141-scaled.jpg\" \/>\n\t<meta property=\"og:image:width\" content=\"1705\" \/>\n\t<meta property=\"og:image:height\" content=\"2560\" \/>\n\t<meta property=\"og:image:type\" content=\"image\/jpeg\" \/>\n<meta name=\"twitter:card\" content=\"summary_large_image\" \/>\n<meta name=\"twitter:label1\" content=\"Est. reading time\" \/>\n\t<meta name=\"twitter:data1\" content=\"3 minutes\" \/>\n<script type=\"application\/ld+json\" class=\"yoast-schema-graph\">{\"@context\":\"https:\\\/\\\/schema.org\",\"@graph\":[{\"@type\":\"WebPage\",\"@id\":\"https:\\\/\\\/www.lepsispanokbabatiek.sk\\\/en\\\/about-me\\\/\",\"url\":\"https:\\\/\\\/www.lepsispanokbabatiek.sk\\\/en\\\/about-me\\\/\",\"name\":\"About me - Lep\u0161\u00ed sp\u00e1nok b\u00e1b\u00e4tiek\",\"isPartOf\":{\"@id\":\"https:\\\/\\\/www.lepsispanokbabatiek.sk\\\/en\\\/#website\"},\"primaryImageOfPage\":{\"@id\":\"https:\\\/\\\/www.lepsispanokbabatiek.sk\\\/en\\\/about-me\\\/#primaryimage\"},\"image\":{\"@id\":\"https:\\\/\\\/www.lepsispanokbabatiek.sk\\\/en\\\/about-me\\\/#primaryimage\"},\"thumbnailUrl\":\"https:\\\/\\\/www.lepsispanokbabatiek.sk\\\/wp-content\\\/uploads\\\/2023\\\/12\\\/zg-141-scaled.jpg\",\"datePublished\":\"2020-01-19T23:24:40+00:00\",\"dateModified\":\"2024-03-29T13:51:10+00:00\",\"description\":\"Gentle sleep coach Zuzana Guzmicka will help you to improve your baby and child sleep without cry it out and sleep training approaches.\",\"breadcrumb\":{\"@id\":\"https:\\\/\\\/www.lepsispanokbabatiek.sk\\\/en\\\/about-me\\\/#breadcrumb\"},\"inLanguage\":\"en-US\",\"potentialAction\":[{\"@type\":\"ReadAction\",\"target\":[\"https:\\\/\\\/www.lepsispanokbabatiek.sk\\\/en\\\/about-me\\\/\"]}]},{\"@type\":\"ImageObject\",\"inLanguage\":\"en-US\",\"@id\":\"https:\\\/\\\/www.lepsispanokbabatiek.sk\\\/en\\\/about-me\\\/#primaryimage\",\"url\":\"https:\\\/\\\/www.lepsispanokbabatiek.sk\\\/wp-content\\\/uploads\\\/2023\\\/12\\\/zg-141-scaled.jpg\",\"contentUrl\":\"https:\\\/\\\/www.lepsispanokbabatiek.sk\\\/wp-content\\\/uploads\\\/2023\\\/12\\\/zg-141-scaled.jpg\",\"width\":1705,\"height\":2560,\"caption\":\"About me\"},{\"@type\":\"BreadcrumbList\",\"@id\":\"https:\\\/\\\/www.lepsispanokbabatiek.sk\\\/en\\\/about-me\\\/#breadcrumb\",\"itemListElement\":[{\"@type\":\"ListItem\",\"position\":1,\"name\":\"Home\",\"item\":\"https:\\\/\\\/www.lepsispanokbabatiek.sk\\\/en\\\/\"},{\"@type\":\"ListItem\",\"position\":2,\"name\":\"About me\"}]},{\"@type\":\"WebSite\",\"@id\":\"https:\\\/\\\/www.lepsispanokbabatiek.sk\\\/en\\\/#website\",\"url\":\"https:\\\/\\\/www.lepsispanokbabatiek.sk\\\/en\\\/\",\"name\":\"Lep\u0161\u00ed sp\u00e1nok b\u00e1b\u00e4tiek\",\"description\":\"\",\"publisher\":{\"@id\":\"https:\\\/\\\/www.lepsispanokbabatiek.sk\\\/en\\\/#organization\"},\"potentialAction\":[{\"@type\":\"SearchAction\",\"target\":{\"@type\":\"EntryPoint\",\"urlTemplate\":\"https:\\\/\\\/www.lepsispanokbabatiek.sk\\\/en\\\/?s={search_term_string}\"},\"query-input\":{\"@type\":\"PropertyValueSpecification\",\"valueRequired\":true,\"valueName\":\"search_term_string\"}}],\"inLanguage\":\"en-US\"},{\"@type\":\"Organization\",\"@id\":\"https:\\\/\\\/www.lepsispanokbabatiek.sk\\\/en\\\/#organization\",\"name\":\"Lep\u0161\u00ed sp\u00e1nok b\u00e1b\u00e4tiek\",\"url\":\"https:\\\/\\\/www.lepsispanokbabatiek.sk\\\/en\\\/\",\"logo\":{\"@type\":\"ImageObject\",\"inLanguage\":\"en-US\",\"@id\":\"https:\\\/\\\/www.lepsispanokbabatiek.sk\\\/en\\\/#\\\/schema\\\/logo\\\/image\\\/\",\"url\":\"https:\\\/\\\/www.lepsispanokbabatiek.sk\\\/wp-content\\\/uploads\\\/2024\\\/03\\\/Logo_LSB.png\",\"contentUrl\":\"https:\\\/\\\/www.lepsispanokbabatiek.sk\\\/wp-content\\\/uploads\\\/2024\\\/03\\\/Logo_LSB.png\",\"width\":3200,\"height\":1776,\"caption\":\"Lep\u0161\u00ed sp\u00e1nok b\u00e1b\u00e4tiek\"},\"image\":{\"@id\":\"https:\\\/\\\/www.lepsispanokbabatiek.sk\\\/en\\\/#\\\/schema\\\/logo\\\/image\\\/\"},\"sameAs\":[\"https:\\\/\\\/www.facebook.com\\\/lepsispanokbabatiek.sk\",\"https:\\\/\\\/www.instagram.com\\\/lepsispanokbabatiek\\\/\"]}]}<\/script>\n<!-- \/ Yoast SEO Premium plugin. -->","yoast_head_json":{"title":"About me - Lep\u0161\u00ed sp\u00e1nok b\u00e1b\u00e4tiek","description":"Gentle sleep coach Zuzana Guzmicka will help you to improve your baby and child sleep without cry it out and sleep training approaches.","robots":{"index":"index","follow":"follow","max-snippet":"max-snippet:-1","max-image-preview":"max-image-preview:large","max-video-preview":"max-video-preview:-1"},"canonical":"https:\/\/www.lepsispanokbabatiek.sk\/en\/about-me\/","og_locale":"en_US","og_type":"article","og_title":"About me","og_description":"Gentle sleep coach Zuzana Guzmicka will help you to improve your baby and child sleep without cry it out and sleep training approaches.","og_url":"https:\/\/www.lepsispanokbabatiek.sk\/en\/about-me\/","og_site_name":"Lep\u0161\u00ed sp\u00e1nok b\u00e1b\u00e4tiek","article_publisher":"https:\/\/www.facebook.com\/lepsispanokbabatiek.sk","article_modified_time":"2024-03-29T13:51:10+00:00","og_image":[{"width":1705,"height":2560,"url":"https:\/\/www.lepsispanokbabatiek.sk\/wp-content\/uploads\/2023\/12\/zg-141-scaled.jpg","type":"image\/jpeg"}],"twitter_card":"summary_large_image","twitter_misc":{"Est. reading time":"3 minutes"},"schema":{"@context":"https:\/\/schema.org","@graph":[{"@type":"WebPage","@id":"https:\/\/www.lepsispanokbabatiek.sk\/en\/about-me\/","url":"https:\/\/www.lepsispanokbabatiek.sk\/en\/about-me\/","name":"About me - Lep\u0161\u00ed sp\u00e1nok b\u00e1b\u00e4tiek","isPartOf":{"@id":"https:\/\/www.lepsispanokbabatiek.sk\/en\/#website"},"primaryImageOfPage":{"@id":"https:\/\/www.lepsispanokbabatiek.sk\/en\/about-me\/#primaryimage"},"image":{"@id":"https:\/\/www.lepsispanokbabatiek.sk\/en\/about-me\/#primaryimage"},"thumbnailUrl":"https:\/\/www.lepsispanokbabatiek.sk\/wp-content\/uploads\/2023\/12\/zg-141-scaled.jpg","datePublished":"2020-01-19T23:24:40+00:00","dateModified":"2024-03-29T13:51:10+00:00","description":"Gentle sleep coach Zuzana Guzmicka will help you to improve your baby and child sleep without cry it out and sleep training approaches.","breadcrumb":{"@id":"https:\/\/www.lepsispanokbabatiek.sk\/en\/about-me\/#breadcrumb"},"inLanguage":"en-US","potentialAction":[{"@type":"ReadAction","target":["https:\/\/www.lepsispanokbabatiek.sk\/en\/about-me\/"]}]},{"@type":"ImageObject","inLanguage":"en-US","@id":"https:\/\/www.lepsispanokbabatiek.sk\/en\/about-me\/#primaryimage","url":"https:\/\/www.lepsispanokbabatiek.sk\/wp-content\/uploads\/2023\/12\/zg-141-scaled.jpg","contentUrl":"https:\/\/www.lepsispanokbabatiek.sk\/wp-content\/uploads\/2023\/12\/zg-141-scaled.jpg","width":1705,"height":2560,"caption":"About me"},{"@type":"BreadcrumbList","@id":"https:\/\/www.lepsispanokbabatiek.sk\/en\/about-me\/#breadcrumb","itemListElement":[{"@type":"ListItem","position":1,"name":"Home","item":"https:\/\/www.lepsispanokbabatiek.sk\/en\/"},{"@type":"ListItem","position":2,"name":"About me"}]},{"@type":"WebSite","@id":"https:\/\/www.lepsispanokbabatiek.sk\/en\/#website","url":"https:\/\/www.lepsispanokbabatiek.sk\/en\/","name":"Lep\u0161\u00ed sp\u00e1nok b\u00e1b\u00e4tiek","description":"","publisher":{"@id":"https:\/\/www.lepsispanokbabatiek.sk\/en\/#organization"},"potentialAction":[{"@type":"SearchAction","target":{"@type":"EntryPoint","urlTemplate":"https:\/\/www.lepsispanokbabatiek.sk\/en\/?s={search_term_string}"},"query-input":{"@type":"PropertyValueSpecification","valueRequired":true,"valueName":"search_term_string"}}],"inLanguage":"en-US"},{"@type":"Organization","@id":"https:\/\/www.lepsispanokbabatiek.sk\/en\/#organization","name":"Lep\u0161\u00ed sp\u00e1nok b\u00e1b\u00e4tiek","url":"https:\/\/www.lepsispanokbabatiek.sk\/en\/","logo":{"@type":"ImageObject","inLanguage":"en-US","@id":"https:\/\/www.lepsispanokbabatiek.sk\/en\/#\/schema\/logo\/image\/","url":"https:\/\/www.lepsispanokbabatiek.sk\/wp-content\/uploads\/2024\/03\/Logo_LSB.png","contentUrl":"https:\/\/www.lepsispanokbabatiek.sk\/wp-content\/uploads\/2024\/03\/Logo_LSB.png","width":3200,"height":1776,"caption":"Lep\u0161\u00ed sp\u00e1nok b\u00e1b\u00e4tiek"},"image":{"@id":"https:\/\/www.lepsispanokbabatiek.sk\/en\/#\/schema\/logo\/image\/"},"sameAs":["https:\/\/www.facebook.com\/lepsispanokbabatiek.sk","https:\/\/www.instagram.com\/lepsispanokbabatiek\/"]}]}},"ticketed":false,"_links":{"self":[{"href":"https:\/\/www.lepsispanokbabatiek.sk\/en\/wp-json\/wp\/v2\/pages\/14662","targetHints":{"allow":["GET"]}}],"collection":[{"href":"https:\/\/www.lepsispanokbabatiek.sk\/en\/wp-json\/wp\/v2\/pages"}],"about":[{"href":"https:\/\/www.lepsispanokbabatiek.sk\/en\/wp-json\/wp\/v2\/types\/page"}],"author":[{"embeddable":true,"href":"https:\/\/www.lepsispanokbabatiek.sk\/en\/wp-json\/wp\/v2\/users\/2"}],"replies":[{"embeddable":true,"href":"https:\/\/www.lepsispanokbabatiek.sk\/en\/wp-json\/wp\/v2\/comments?post=14662"}],"version-history":[{"count":7,"href":"https:\/\/www.lepsispanokbabatiek.sk\/en\/wp-json\/wp\/v2\/pages\/14662\/revisions"}],"predecessor-version":[{"id":14668,"href":"https:\/\/www.lepsispanokbabatiek.sk\/en\/wp-json\/wp\/v2\/pages\/14662\/revisions\/14668"}],"wp:featuredmedia":[{"embeddable":true,"href":"https:\/\/www.lepsispanokbabatiek.sk\/en\/wp-json\/wp\/v2\/media\/14502"}],"wp:attachment":[{"href":"https:\/\/www.lepsispanokbabatiek.sk\/en\/wp-json\/wp\/v2\/media?parent=14662"}],"curies":[{"name":"wp","href":"https:\/\/api.w.org\/{rel}","templated":true}]}}