{"id":15824,"date":"2024-02-27T11:58:07","date_gmt":"2024-02-27T10:58:07","guid":{"rendered":"https:\/\/www.lepsispanokbabatiek.sk\/?post_type=product&#038;p=15824"},"modified":"2024-07-31T15:35:27","modified_gmt":"2024-07-31T13:35:27","slug":"phone-consultation-30-minutes-2-additional-follow-up-emails","status":"publish","type":"product","link":"https:\/\/www.lepsispanokbabatiek.sk\/en\/obchod\/uncategorized\/phone-consultation-30-minutes-2-additional-follow-up-emails\/","title":{"rendered":"Phone consultation (30 minutes) + 2 additional follow up emails"},"content":{"rendered":"<p>You can book your consultation at this link:<\/p>\n<p>&nbsp;<\/p>\n","protected":false},"excerpt":{"rendered":"<ul>\n<li>30 minutes consultation via phone\/whatsapp\/zoom<br \/>\nShort summary of the call will be sent to you after our consultation<br \/>\n2 additional follow up email that you can send (and receive answer) with your questions<\/li>\n<\/ul>\n","protected":false},"featured_media":13925,"comment_status":"closed","ping_status":"closed","template":"","meta":{"inline_featured_image":false,"_price":"74","_stock":"","_tribe_ticket_header":"","_tribe_default_ticket_provider":"","_tribe_ticket_capacity":"34","_ticket_start_date":"","_ticket_end_date":"","_tribe_ticket_show_description":"","_tribe_ticket_show_not_going":false,"_tribe_ticket_use_global_stock":"","_tribe_ticket_global_stock_level":"","_global_stock_mode":"","_global_stock_cap":"","_tribe_rsvp_for_event":"","_tribe_ticket_going_count":"","_tribe_ticket_not_going_count":"","_tribe_tickets_list":"[]","_tribe_ticket_has_attendee_info_fields":false},"product_brand":[],"product_cat":[143],"product_tag":[],"class_list":{"0":"post-15824","1":"product","2":"type-product","3":"status-publish","4":"has-post-thumbnail","6":"product_cat-uncategorized","8":"first","9":"instock","10":"shipping-taxable","11":"product-type-external"},"yoast_head":"<!-- This site is optimized with the Yoast SEO Premium plugin v27.4 (Yoast SEO v27.4) - https:\/\/yoast.com\/product\/yoast-seo-premium-wordpress\/ -->\n<title>Phone consultation (30 minutes) + 2 additional follow up emails - Lep\u0161\u00ed sp\u00e1nok b\u00e1b\u00e4tiek<\/title>\n<meta name=\"description\" content=\"30 minutes sleep consultation with 2 additional email is available\" \/>\n<meta name=\"robots\" content=\"index, follow, max-snippet:-1, max-image-preview:large, max-video-preview:-1\" \/>\n<link rel=\"canonical\" href=\"https:\/\/www.lepsispanokbabatiek.sk\/en\/obchod\/uncategorized\/phone-consultation-30-minutes-2-additional-follow-up-emails\/\" \/>\n<meta property=\"og:locale\" content=\"en_US\" \/>\n<meta property=\"og:type\" content=\"article\" \/>\n<meta property=\"og:title\" content=\"Phone consultation (30 minutes) + 2 additional follow up emails\" \/>\n<meta property=\"og:description\" content=\"30 minutes sleep consultation with 2 additional email is available\" \/>\n<meta property=\"og:url\" content=\"https:\/\/www.lepsispanokbabatiek.sk\/en\/obchod\/uncategorized\/phone-consultation-30-minutes-2-additional-follow-up-emails\/\" \/>\n<meta property=\"og:site_name\" content=\"Lep\u0161\u00ed sp\u00e1nok b\u00e1b\u00e4tiek\" \/>\n<meta property=\"article:publisher\" content=\"https:\/\/www.facebook.com\/lepsispanokbabatiek.sk\" \/>\n<meta property=\"article:modified_time\" content=\"2024-07-31T13:35:27+00:00\" \/>\n<meta property=\"og:image\" content=\"https:\/\/www.lepsispanokbabatiek.sk\/wp-content\/uploads\/2018\/12\/image-produkt-wp.png\" \/>\n\t<meta property=\"og:image:width\" content=\"600\" \/>\n\t<meta property=\"og:image:height\" content=\"650\" \/>\n\t<meta property=\"og:image:type\" content=\"image\/png\" \/>\n<meta name=\"twitter:card\" content=\"summary_large_image\" \/>\n<meta name=\"twitter:label1\" content=\"Est. reading time\" \/>\n\t<meta name=\"twitter:data1\" content=\"1 minute\" \/>\n<script type=\"application\/ld+json\" class=\"yoast-schema-graph\">{\"@context\":\"https:\\\/\\\/schema.org\",\"@graph\":[{\"@type\":\"WebPage\",\"@id\":\"https:\\\/\\\/www.lepsispanokbabatiek.sk\\\/en\\\/obchod\\\/uncategorized\\\/phone-consultation-30-minutes-2-additional-follow-up-emails\\\/\",\"url\":\"https:\\\/\\\/www.lepsispanokbabatiek.sk\\\/en\\\/obchod\\\/uncategorized\\\/phone-consultation-30-minutes-2-additional-follow-up-emails\\\/\",\"name\":\"Phone consultation (30 minutes) + 2 additional follow up emails - Lep\u0161\u00ed sp\u00e1nok b\u00e1b\u00e4tiek\",\"isPartOf\":{\"@id\":\"https:\\\/\\\/www.lepsispanokbabatiek.sk\\\/en\\\/#website\"},\"primaryImageOfPage\":{\"@id\":\"https:\\\/\\\/www.lepsispanokbabatiek.sk\\\/en\\\/obchod\\\/uncategorized\\\/phone-consultation-30-minutes-2-additional-follow-up-emails\\\/#primaryimage\"},\"image\":{\"@id\":\"https:\\\/\\\/www.lepsispanokbabatiek.sk\\\/en\\\/obchod\\\/uncategorized\\\/phone-consultation-30-minutes-2-additional-follow-up-emails\\\/#primaryimage\"},\"thumbnailUrl\":\"https:\\\/\\\/www.lepsispanokbabatiek.sk\\\/wp-content\\\/uploads\\\/2018\\\/12\\\/image-produkt-telefonat.png\",\"datePublished\":\"2024-02-27T10:58:07+00:00\",\"dateModified\":\"2024-07-31T13:35:27+00:00\",\"description\":\"30 minutes sleep consultation with 2 additional email is available\",\"breadcrumb\":{\"@id\":\"https:\\\/\\\/www.lepsispanokbabatiek.sk\\\/en\\\/obchod\\\/uncategorized\\\/phone-consultation-30-minutes-2-additional-follow-up-emails\\\/#breadcrumb\"},\"inLanguage\":\"en-US\",\"potentialAction\":[{\"@type\":\"ReadAction\",\"target\":[\"https:\\\/\\\/www.lepsispanokbabatiek.sk\\\/en\\\/obchod\\\/uncategorized\\\/phone-consultation-30-minutes-2-additional-follow-up-emails\\\/\"]}]},{\"@type\":\"ImageObject\",\"inLanguage\":\"en-US\",\"@id\":\"https:\\\/\\\/www.lepsispanokbabatiek.sk\\\/en\\\/obchod\\\/uncategorized\\\/phone-consultation-30-minutes-2-additional-follow-up-emails\\\/#primaryimage\",\"url\":\"https:\\\/\\\/www.lepsispanokbabatiek.sk\\\/wp-content\\\/uploads\\\/2018\\\/12\\\/image-produkt-telefonat.png\",\"contentUrl\":\"https:\\\/\\\/www.lepsispanokbabatiek.sk\\\/wp-content\\\/uploads\\\/2018\\\/12\\\/image-produkt-telefonat.png\",\"width\":600,\"height\":650,\"caption\":\"sleep consultation\"},{\"@type\":\"BreadcrumbList\",\"@id\":\"https:\\\/\\\/www.lepsispanokbabatiek.sk\\\/en\\\/obchod\\\/uncategorized\\\/phone-consultation-30-minutes-2-additional-follow-up-emails\\\/#breadcrumb\",\"itemListElement\":[{\"@type\":\"ListItem\",\"position\":1,\"name\":\"Home\",\"item\":\"https:\\\/\\\/www.lepsispanokbabatiek.sk\\\/en\\\/\"},{\"@type\":\"ListItem\",\"position\":2,\"name\":\"Shop\",\"item\":\"https:\\\/\\\/www.lepsispanokbabatiek.sk\\\/en\\\/shop\\\/\"},{\"@type\":\"ListItem\",\"position\":3,\"name\":\"Phone consultation (30 minutes) + 2 additional follow up emails\"}]},{\"@type\":\"WebSite\",\"@id\":\"https:\\\/\\\/www.lepsispanokbabatiek.sk\\\/en\\\/#website\",\"url\":\"https:\\\/\\\/www.lepsispanokbabatiek.sk\\\/en\\\/\",\"name\":\"Lep\u0161\u00ed sp\u00e1nok b\u00e1b\u00e4tiek\",\"description\":\"\",\"publisher\":{\"@id\":\"https:\\\/\\\/www.lepsispanokbabatiek.sk\\\/en\\\/#organization\"},\"potentialAction\":[{\"@type\":\"SearchAction\",\"target\":{\"@type\":\"EntryPoint\",\"urlTemplate\":\"https:\\\/\\\/www.lepsispanokbabatiek.sk\\\/en\\\/?s={search_term_string}\"},\"query-input\":{\"@type\":\"PropertyValueSpecification\",\"valueRequired\":true,\"valueName\":\"search_term_string\"}}],\"inLanguage\":\"en-US\"},{\"@type\":\"Organization\",\"@id\":\"https:\\\/\\\/www.lepsispanokbabatiek.sk\\\/en\\\/#organization\",\"name\":\"Lep\u0161\u00ed sp\u00e1nok b\u00e1b\u00e4tiek\",\"url\":\"https:\\\/\\\/www.lepsispanokbabatiek.sk\\\/en\\\/\",\"logo\":{\"@type\":\"ImageObject\",\"inLanguage\":\"en-US\",\"@id\":\"https:\\\/\\\/www.lepsispanokbabatiek.sk\\\/en\\\/#\\\/schema\\\/logo\\\/image\\\/\",\"url\":\"https:\\\/\\\/www.lepsispanokbabatiek.sk\\\/wp-content\\\/uploads\\\/2024\\\/03\\\/Logo_LSB.png\",\"contentUrl\":\"https:\\\/\\\/www.lepsispanokbabatiek.sk\\\/wp-content\\\/uploads\\\/2024\\\/03\\\/Logo_LSB.png\",\"width\":3200,\"height\":1776,\"caption\":\"Lep\u0161\u00ed sp\u00e1nok b\u00e1b\u00e4tiek\"},\"image\":{\"@id\":\"https:\\\/\\\/www.lepsispanokbabatiek.sk\\\/en\\\/#\\\/schema\\\/logo\\\/image\\\/\"},\"sameAs\":[\"https:\\\/\\\/www.facebook.com\\\/lepsispanokbabatiek.sk\",\"https:\\\/\\\/www.instagram.com\\\/lepsispanokbabatiek\\\/\"]}]}<\/script>\n<!-- \/ Yoast SEO Premium plugin. -->","yoast_head_json":{"title":"Phone consultation (30 minutes) + 2 additional follow up emails - Lep\u0161\u00ed sp\u00e1nok b\u00e1b\u00e4tiek","description":"30 minutes sleep consultation with 2 additional email is available","robots":{"index":"index","follow":"follow","max-snippet":"max-snippet:-1","max-image-preview":"max-image-preview:large","max-video-preview":"max-video-preview:-1"},"canonical":"https:\/\/www.lepsispanokbabatiek.sk\/en\/obchod\/uncategorized\/phone-consultation-30-minutes-2-additional-follow-up-emails\/","og_locale":"en_US","og_type":"article","og_title":"Phone consultation (30 minutes) + 2 additional follow up emails","og_description":"30 minutes sleep consultation with 2 additional email is available","og_url":"https:\/\/www.lepsispanokbabatiek.sk\/en\/obchod\/uncategorized\/phone-consultation-30-minutes-2-additional-follow-up-emails\/","og_site_name":"Lep\u0161\u00ed sp\u00e1nok b\u00e1b\u00e4tiek","article_publisher":"https:\/\/www.facebook.com\/lepsispanokbabatiek.sk","article_modified_time":"2024-07-31T13:35:27+00:00","og_image":[{"width":600,"height":650,"url":"https:\/\/www.lepsispanokbabatiek.sk\/wp-content\/uploads\/2018\/12\/image-produkt-wp.png","type":"image\/png"}],"twitter_card":"summary_large_image","twitter_misc":{"Est. reading time":"1 minute"},"schema":{"@context":"https:\/\/schema.org","@graph":[{"@type":"WebPage","@id":"https:\/\/www.lepsispanokbabatiek.sk\/en\/obchod\/uncategorized\/phone-consultation-30-minutes-2-additional-follow-up-emails\/","url":"https:\/\/www.lepsispanokbabatiek.sk\/en\/obchod\/uncategorized\/phone-consultation-30-minutes-2-additional-follow-up-emails\/","name":"Phone consultation (30 minutes) + 2 additional follow up emails - Lep\u0161\u00ed sp\u00e1nok b\u00e1b\u00e4tiek","isPartOf":{"@id":"https:\/\/www.lepsispanokbabatiek.sk\/en\/#website"},"primaryImageOfPage":{"@id":"https:\/\/www.lepsispanokbabatiek.sk\/en\/obchod\/uncategorized\/phone-consultation-30-minutes-2-additional-follow-up-emails\/#primaryimage"},"image":{"@id":"https:\/\/www.lepsispanokbabatiek.sk\/en\/obchod\/uncategorized\/phone-consultation-30-minutes-2-additional-follow-up-emails\/#primaryimage"},"thumbnailUrl":"https:\/\/www.lepsispanokbabatiek.sk\/wp-content\/uploads\/2018\/12\/image-produkt-telefonat.png","datePublished":"2024-02-27T10:58:07+00:00","dateModified":"2024-07-31T13:35:27+00:00","description":"30 minutes sleep consultation with 2 additional email is available","breadcrumb":{"@id":"https:\/\/www.lepsispanokbabatiek.sk\/en\/obchod\/uncategorized\/phone-consultation-30-minutes-2-additional-follow-up-emails\/#breadcrumb"},"inLanguage":"en-US","potentialAction":[{"@type":"ReadAction","target":["https:\/\/www.lepsispanokbabatiek.sk\/en\/obchod\/uncategorized\/phone-consultation-30-minutes-2-additional-follow-up-emails\/"]}]},{"@type":"ImageObject","inLanguage":"en-US","@id":"https:\/\/www.lepsispanokbabatiek.sk\/en\/obchod\/uncategorized\/phone-consultation-30-minutes-2-additional-follow-up-emails\/#primaryimage","url":"https:\/\/www.lepsispanokbabatiek.sk\/wp-content\/uploads\/2018\/12\/image-produkt-telefonat.png","contentUrl":"https:\/\/www.lepsispanokbabatiek.sk\/wp-content\/uploads\/2018\/12\/image-produkt-telefonat.png","width":600,"height":650,"caption":"sleep consultation"},{"@type":"BreadcrumbList","@id":"https:\/\/www.lepsispanokbabatiek.sk\/en\/obchod\/uncategorized\/phone-consultation-30-minutes-2-additional-follow-up-emails\/#breadcrumb","itemListElement":[{"@type":"ListItem","position":1,"name":"Home","item":"https:\/\/www.lepsispanokbabatiek.sk\/en\/"},{"@type":"ListItem","position":2,"name":"Shop","item":"https:\/\/www.lepsispanokbabatiek.sk\/en\/shop\/"},{"@type":"ListItem","position":3,"name":"Phone consultation (30 minutes) + 2 additional follow up emails"}]},{"@type":"WebSite","@id":"https:\/\/www.lepsispanokbabatiek.sk\/en\/#website","url":"https:\/\/www.lepsispanokbabatiek.sk\/en\/","name":"Lep\u0161\u00ed sp\u00e1nok b\u00e1b\u00e4tiek","description":"","publisher":{"@id":"https:\/\/www.lepsispanokbabatiek.sk\/en\/#organization"},"potentialAction":[{"@type":"SearchAction","target":{"@type":"EntryPoint","urlTemplate":"https:\/\/www.lepsispanokbabatiek.sk\/en\/?s={search_term_string}"},"query-input":{"@type":"PropertyValueSpecification","valueRequired":true,"valueName":"search_term_string"}}],"inLanguage":"en-US"},{"@type":"Organization","@id":"https:\/\/www.lepsispanokbabatiek.sk\/en\/#organization","name":"Lep\u0161\u00ed sp\u00e1nok b\u00e1b\u00e4tiek","url":"https:\/\/www.lepsispanokbabatiek.sk\/en\/","logo":{"@type":"ImageObject","inLanguage":"en-US","@id":"https:\/\/www.lepsispanokbabatiek.sk\/en\/#\/schema\/logo\/image\/","url":"https:\/\/www.lepsispanokbabatiek.sk\/wp-content\/uploads\/2024\/03\/Logo_LSB.png","contentUrl":"https:\/\/www.lepsispanokbabatiek.sk\/wp-content\/uploads\/2024\/03\/Logo_LSB.png","width":3200,"height":1776,"caption":"Lep\u0161\u00ed sp\u00e1nok b\u00e1b\u00e4tiek"},"image":{"@id":"https:\/\/www.lepsispanokbabatiek.sk\/en\/#\/schema\/logo\/image\/"},"sameAs":["https:\/\/www.facebook.com\/lepsispanokbabatiek.sk","https:\/\/www.instagram.com\/lepsispanokbabatiek\/"]}]}},"_links":{"self":[{"href":"https:\/\/www.lepsispanokbabatiek.sk\/en\/wp-json\/wp\/v2\/product\/15824","targetHints":{"allow":["GET"]}}],"collection":[{"href":"https:\/\/www.lepsispanokbabatiek.sk\/en\/wp-json\/wp\/v2\/product"}],"about":[{"href":"https:\/\/www.lepsispanokbabatiek.sk\/en\/wp-json\/wp\/v2\/types\/product"}],"replies":[{"embeddable":true,"href":"https:\/\/www.lepsispanokbabatiek.sk\/en\/wp-json\/wp\/v2\/comments?post=15824"}],"wp:featuredmedia":[{"embeddable":true,"href":"https:\/\/www.lepsispanokbabatiek.sk\/en\/wp-json\/wp\/v2\/media\/13925"}],"wp:attachment":[{"href":"https:\/\/www.lepsispanokbabatiek.sk\/en\/wp-json\/wp\/v2\/media?parent=15824"}],"wp:term":[{"taxonomy":"product_brand","embeddable":true,"href":"https:\/\/www.lepsispanokbabatiek.sk\/en\/wp-json\/wp\/v2\/product_brand?post=15824"},{"taxonomy":"product_cat","embeddable":true,"href":"https:\/\/www.lepsispanokbabatiek.sk\/en\/wp-json\/wp\/v2\/product_cat?post=15824"},{"taxonomy":"product_tag","embeddable":true,"href":"https:\/\/www.lepsispanokbabatiek.sk\/en\/wp-json\/wp\/v2\/product_tag?post=15824"}],"curies":[{"name":"wp","href":"https:\/\/api.w.org\/{rel}","templated":true}]}}